{"id":271,"date":"2021-05-05T09:51:13","date_gmt":"2021-05-05T09:51:13","guid":{"rendered":"https:\/\/adrika.pe\/?page_id=271"},"modified":"2023-08-24T22:03:59","modified_gmt":"2023-08-24T22:03:59","slug":"preguntas-frecuentes","status":"publish","type":"page","link":"https:\/\/adrika.pe\/index.php\/preguntas-frecuentes\/","title":{"rendered":"Preguntas frecuentes"},"content":{"rendered":"\t\t<div data-elementor-type=\"wp-page\" data-elementor-id=\"271\" class=\"elementor elementor-271\" data-elementor-settings=\"[]\">\n\t\t\t\t\t\t\t<div class=\"elementor-section-wrap\">\n\t\t\t\t\t\t\t<section class=\"elementor-section elementor-top-section elementor-element elementor-element-fc05cac elementor-section-boxed elementor-section-height-default elementor-section-height-default\" data-id=\"fc05cac\" data-element_type=\"section\" data-settings=\"{&quot;ekit_has_onepagescroll_dot&quot;:&quot;yes&quot;}\">\n\t\t\t\t\t\t<div class=\"elementor-container elementor-column-gap-default\">\n\t\t\t\t\t<div class=\"elementor-column elementor-col-100 elementor-top-column elementor-element elementor-element-5f506e1\" data-id=\"5f506e1\" data-element_type=\"column\">\n\t\t\t<div class=\"elementor-widget-wrap elementor-element-populated\">\n\t\t\t\t\t\t\t\t<div class=\"elementor-element elementor-element-b19fee6 elementor-widget elementor-widget-text-editor\" data-id=\"b19fee6\" data-element_type=\"widget\" data-widget_type=\"text-editor.default\">\n\t\t\t\t<div class=\"elementor-widget-container\">\n\t\t\t\t\t\t\t\t<div class=\"services-bottom-in\"><p>Consulta nuestra base de conocimientos acerca de las revisiones t\u00e9cnicas vehiculares en Tarapoto.<\/p><div class=\"col-md-8 content-middle\"><h3><i class=\"fa fa-tag\"><\/i><label>\u00bfQu\u00e9 veh\u00edculos deben pasar la inspecci\u00f3n t\u00e9cnica vehicular?<\/label><\/h3><p>Todos los vehiculos que se encuentran inscritos en el registro de propiedad vehicular que circulan por las vias publicas terrestres a nivel nacional.<\/p><\/div><div class=\"col-md-8 content-middle\"><h3><i class=\"fa fa-tag\"><\/i><label>\u00bfQu\u00e9 pasa si desapruebo?<\/label><\/h3><p>Si es una falta grave ud tendra un plazo maximo de 30 dias calendarios para poder subsanar sus erroeres. Si es muy grave ud tendra un plazo maximo de 60 dias calendarios pa subsanar sus errores<\/p><\/div><div class=\"col-md-8 content-middle\"><h3><i class=\"fa fa-tag\"><\/i><label>\u00bfQu\u00e9 pasa si cambio mi motor a mi veh\u00edculo?<\/label><\/h3><p>En este caso se hace lo siguiente:<br \/>Deber\u00e1 buscar a una empresa que realice certificados de conformidad y con ese documento podr\u00e1 solicitar en SUNARP una nueva tarjeta de propiedad para poder pasar su revisi\u00f3n t\u00e9cnica vehicular.<\/p><\/div><div class=\"col-md-8 content-middle\"><h3><i class=\"fa fa-tag\"><\/i><label>\u00bfLos certificados de inspecci\u00f3n tienen validez nacional?<\/label><\/h3><p>Si todos los certificados de inspeccion vehicular, est\u00e1n registrados en el sistema del SINARETT del MTC.<\/p><\/div><div class=\"col-md-8 content-middle\"><h3><i class=\"fa fa-tag\"><\/i><label>\u00bfCu\u00e1nto tiempo demora la revisi\u00f3n?<\/label><\/h3><p>Entre 25 y 35 minutos aproximadamente :<\/p><\/div><div class=\"col-md-8 content-middle\"><h3><i class=\"fa fa-tag\"><\/i><label>\u00bfCu\u00e1nto tiempo es la duraci\u00f3n del certificado?<\/label><\/h3><p>Los veh\u00edculos de transporte p\u00fablico tienen una duraci\u00f3n de 6 meses de duraci\u00f3n.<\/p><p>Los veh\u00edculos de transportes de residuos peligroso tienen una duraci\u00f3n de 6 meses.<\/p><p>Los veh\u00edculos particulares tienen una duraci\u00f3n de un 1 a\u00f1o.<\/p><\/div><\/div>\t\t\t\t\t\t<\/div>\n\t\t\t\t<\/div>\n\t\t\t\t\t<\/div>\n\t\t<\/div>\n\t\t\t\t\t\t\t<\/div>\n\t\t<\/section>\n\t\t\t\t\t\t<\/div>\n\t\t\t\t\t<\/div>\n\t\t","protected":false},"excerpt":{"rendered":"<p>Consulta nuestra base de conocimientos acerca de las revisiones t\u00e9cnicas vehiculares en Tarapoto. \u00bfQu\u00e9 veh\u00edculos deben pasar la inspecci\u00f3n t\u00e9cnica vehicular? Todos los vehiculos que se encuentran inscritos en el registro de propiedad vehicular que circulan por las vias publicas terrestres a nivel nacional. \u00bfQu\u00e9 pasa si desapruebo? Si es una falta grave ud tendra [&hellip;]<\/p>\n","protected":false},"author":1,"featured_media":0,"parent":0,"menu_order":0,"comment_status":"closed","ping_status":"closed","template":"template\/full-width-template.php","meta":{"footnotes":""},"class_list":["post-271","page","type-page","status-publish","hentry"],"yoast_head":"<!-- This site is optimized with the Yoast SEO plugin v16.2 - https:\/\/yoast.com\/wordpress\/plugins\/seo\/ -->\n<title>Preguntas frecuentes - Adrika<\/title>\n<meta name=\"robots\" content=\"index, follow, max-snippet:-1, max-image-preview:large, max-video-preview:-1\" \/>\n<link rel=\"canonical\" href=\"https:\/\/adrika.pe\/index.php\/preguntas-frecuentes\/\" \/>\n<meta property=\"og:locale\" content=\"es_ES\" \/>\n<meta property=\"og:type\" content=\"article\" \/>\n<meta property=\"og:title\" content=\"Preguntas frecuentes - Adrika\" \/>\n<meta property=\"og:description\" content=\"Consulta nuestra base de conocimientos acerca de las revisiones t\u00e9cnicas vehiculares en Tarapoto. \u00bfQu\u00e9 veh\u00edculos deben pasar la inspecci\u00f3n t\u00e9cnica vehicular? Todos los vehiculos que se encuentran inscritos en el registro de propiedad vehicular que circulan por las vias publicas terrestres a nivel nacional. \u00bfQu\u00e9 pasa si desapruebo? Si es una falta grave ud tendra [&hellip;]\" \/>\n<meta property=\"og:url\" content=\"https:\/\/adrika.pe\/index.php\/preguntas-frecuentes\/\" \/>\n<meta property=\"og:site_name\" content=\"Adrika\" \/>\n<meta property=\"article:modified_time\" content=\"2023-08-24T22:03:59+00:00\" \/>\n<meta name=\"twitter:card\" content=\"summary_large_image\" \/>\n<meta name=\"twitter:label1\" content=\"Tiempo de lectura\">\n\t<meta name=\"twitter:data1\" content=\"1 minuto\">\n<script type=\"application\/ld+json\" class=\"yoast-schema-graph\">{\"@context\":\"https:\/\/schema.org\",\"@graph\":[{\"@type\":\"WebSite\",\"@id\":\"https:\/\/adrika.pe\/#website\",\"url\":\"https:\/\/adrika.pe\/\",\"name\":\"Adrika\",\"description\":\"Just another WordPress site\",\"potentialAction\":[{\"@type\":\"SearchAction\",\"target\":\"https:\/\/adrika.pe\/?s={search_term_string}\",\"query-input\":\"required name=search_term_string\"}],\"inLanguage\":\"es\"},{\"@type\":\"WebPage\",\"@id\":\"https:\/\/adrika.pe\/index.php\/preguntas-frecuentes\/#webpage\",\"url\":\"https:\/\/adrika.pe\/index.php\/preguntas-frecuentes\/\",\"name\":\"Preguntas frecuentes - Adrika\",\"isPartOf\":{\"@id\":\"https:\/\/adrika.pe\/#website\"},\"datePublished\":\"2021-05-05T09:51:13+00:00\",\"dateModified\":\"2023-08-24T22:03:59+00:00\",\"breadcrumb\":{\"@id\":\"https:\/\/adrika.pe\/index.php\/preguntas-frecuentes\/#breadcrumb\"},\"inLanguage\":\"es\",\"potentialAction\":[{\"@type\":\"ReadAction\",\"target\":[\"https:\/\/adrika.pe\/index.php\/preguntas-frecuentes\/\"]}]},{\"@type\":\"BreadcrumbList\",\"@id\":\"https:\/\/adrika.pe\/index.php\/preguntas-frecuentes\/#breadcrumb\",\"itemListElement\":[{\"@type\":\"ListItem\",\"position\":1,\"item\":{\"@type\":\"WebPage\",\"@id\":\"https:\/\/adrika.pe\/\",\"url\":\"https:\/\/adrika.pe\/\",\"name\":\"Portada\"}},{\"@type\":\"ListItem\",\"position\":2,\"item\":{\"@id\":\"https:\/\/adrika.pe\/index.php\/preguntas-frecuentes\/#webpage\"}}]}]}<\/script>\n<!-- \/ Yoast SEO plugin. -->","_links":{"self":[{"href":"https:\/\/adrika.pe\/index.php\/wp-json\/wp\/v2\/pages\/271","targetHints":{"allow":["GET"]}}],"collection":[{"href":"https:\/\/adrika.pe\/index.php\/wp-json\/wp\/v2\/pages"}],"about":[{"href":"https:\/\/adrika.pe\/index.php\/wp-json\/wp\/v2\/types\/page"}],"author":[{"embeddable":true,"href":"https:\/\/adrika.pe\/index.php\/wp-json\/wp\/v2\/users\/1"}],"replies":[{"embeddable":true,"href":"https:\/\/adrika.pe\/index.php\/wp-json\/wp\/v2\/comments?post=271"}],"version-history":[{"count":25,"href":"https:\/\/adrika.pe\/index.php\/wp-json\/wp\/v2\/pages\/271\/revisions"}],"predecessor-version":[{"id":393,"href":"https:\/\/adrika.pe\/index.php\/wp-json\/wp\/v2\/pages\/271\/revisions\/393"}],"wp:attachment":[{"href":"https:\/\/adrika.pe\/index.php\/wp-json\/wp\/v2\/media?parent=271"}],"curies":[{"name":"wp","href":"https:\/\/api.w.org\/{rel}","templated":true}]}}