{"id":266,"date":"2021-05-05T09:46:20","date_gmt":"2021-05-05T09:46:20","guid":{"rendered":"https:\/\/adrika.pe\/?page_id=266"},"modified":"2021-05-05T09:50:21","modified_gmt":"2021-05-05T09:50:21","slug":"cronograma","status":"publish","type":"page","link":"https:\/\/adrika.pe\/index.php\/cronograma\/","title":{"rendered":"Cronograma"},"content":{"rendered":"\t\t<div data-elementor-type=\"wp-page\" data-elementor-id=\"266\" class=\"elementor elementor-266\" data-elementor-settings=\"[]\">\n\t\t\t\t\t\t\t<div class=\"elementor-section-wrap\">\n\t\t\t\t\t\t\t<section class=\"elementor-section elementor-top-section elementor-element elementor-element-6253b1e elementor-section-boxed elementor-section-height-default elementor-section-height-default\" data-id=\"6253b1e\" data-element_type=\"section\" data-settings=\"{&quot;ekit_has_onepagescroll_dot&quot;:&quot;yes&quot;}\">\n\t\t\t\t\t\t<div class=\"elementor-container elementor-column-gap-default\">\n\t\t\t\t\t<div class=\"elementor-column elementor-col-100 elementor-top-column elementor-element elementor-element-fcace7d\" data-id=\"fcace7d\" data-element_type=\"column\">\n\t\t\t<div class=\"elementor-widget-wrap elementor-element-populated\">\n\t\t\t\t\t\t\t\t<div class=\"elementor-element elementor-element-3163475 elementor-widget elementor-widget-text-editor\" data-id=\"3163475\" data-element_type=\"widget\" data-widget_type=\"text-editor.default\">\n\t\t\t\t<div class=\"elementor-widget-container\">\n\t\t\t\t\t\t\t\t<p>Las <strong><span style=\"color: #993300;\">Inspecciones T\u00e9cnicas Vehiculares<\/span><\/strong> se realizar\u00e1n de acuerdo a la categor\u00eda, funci\u00f3n y antig\u00fcedad de los veh\u00edculos<\/p>\t\t\t\t\t\t<\/div>\n\t\t\t\t<\/div>\n\t\t\t\t<div class=\"elementor-element elementor-element-a1d532e elementor-widget elementor-widget-text-editor\" data-id=\"a1d532e\" data-element_type=\"widget\" data-widget_type=\"text-editor.default\">\n\t\t\t\t<div class=\"elementor-widget-container\">\n\t\t\t\t\t\t\t\t<style type=\"text\/css\">\n.tg  {border-collapse:collapse;border-spacing:0;border-color:#aaa;margin:0px auto;}\n.tg td{font-family:Arial, sans-serif;font-size:14px;padding:10px 20px;border-style:solid;border-width:1px;overflow:hidden;word-break:normal;border-color:#aaa;color:#333;background-color:#fff;}\n.tg th{font-family:Arial, sans-serif;font-size:14px;font-weight:normal;padding:10px 20px;border-style:solid;border-width:1px;overflow:hidden;word-break:normal;border-color:#aaa;color:#fff;background-color:#f38630;}\n.tg .tg-s6z2{text-align:center}\n.tg .tg-709x{font-weight:bold;background-color:#0e365f;text-align:center}\n.tg .tg-yw4l{vertical-align:top}\n@media screen and (max-width: 767px) {.tg {width: auto !important;}.tg col {width: auto !important;}.tg-wrap {overflow-x: auto;-webkit-overflow-scrolling: touch;margin: auto 0px;}}<\/style>\n<div class=\"tg-wrap\"><table class=\"tg\" style=\"undefined;table-layout: fixed; width: 981px\">\n<colgroup>\n<col style=\"width: 552px\">\n<col style=\"width: 115px\">\n<col style=\"width: 175px\">\n<col style=\"width: 139px\">\n<\/colgroup>\n  <tbody><tr>\n    <th class=\"tg-709x\">Veh\u00edculos<\/th>\n    <th class=\"tg-709x\">Frecuencia<\/th>\n    <th class=\"tg-709x\">Antig\u00fcedad del veh\u00edculo (1)<\/th>\n    <th class=\"tg-709x\">Vigencia del Certificado<\/th>\n  <\/tr>\n  <tr>\n    <td class=\"tg-yw4l\">Delservicio de transporte regular de personas (\u00e1mbito provincial, regional nacional).<br><br>Del servicio de transporte especial de personas (taxi, transporte tur\u00edstico, transporte de trabajadores, transporte de estudiantes, transporte social, transporte en auto colectivo y transporte comunal de pasajeros por carretera).<br><br>Del servicio de transporte internacional de personas, transporte colectivo de pasajeros entre Tacna-Arica y de transporte transfronterizo de pasajeros entre Per\u00fa &#8211; Ecuador<br><br>Ambulancias, vehiculos de alquiler y veh\u00edculos de instrucci\u00f3n de la Categor\u00eda M<\/td>\n    <td class=\"tg-s6z2\">Semestral<\/td>\n    <td class=\"tg-s6z2\">A partir del 3er. A\u00f1o<\/td>\n    <td class=\"tg-s6z2\">6 meses<\/td>\n  <\/tr>\n  <tr>\n    <td class=\"tg-yw4l\">Del servicio de transporte especial de personas en veh\u00edculos menores de la Categor\u00eda L5.<\/td>\n    <td class=\"tg-s6z2\">Anual<\/td>\n    <td class=\"tg-s6z2\">A partir del 2do. a\u00f1o<\/td>\n    <td class=\"tg-s6z2\">12 meses<\/td>\n  <\/tr>\n  <tr>\n    <td class=\"tg-yw4l\">Particulares para transporte de personas y\/o mercanc\u00edas de las Categor\u00edas L3, L4, L5.<\/td>\n    <td class=\"tg-s6z2\">Anual<\/td>\n    <td class=\"tg-s6z2\">A partir del 3er. a\u00f1o<\/td>\n    <td class=\"tg-s6z2\">12 meses<\/td>\n  <\/tr>\n  <tr>\n    <td class=\"tg-yw4l\">Particulares para transporte de personas de hasta nueve asientos incluido el del conductor de la Categor\u00eda M1.<\/td>\n    <td class=\"tg-s6z2\">Anual<\/td>\n    <td class=\"tg-s6z2\">A partir del 4to. a\u00f1o<\/td>\n    <td class=\"tg-s6z2\">12 meses<\/td>\n  <\/tr>\n  <tr>\n    <td class=\"tg-yw4l\">Particulares de transporte de personas de m\u00e1s de nueve asientos, incluido el del conductor, de las Categor\u00edas M2 y M3.<\/td>\n    <td class=\"tg-s6z2\">Anual<\/td>\n    <td class=\"tg-s6z2\">A partir del 3er. a\u00f1o<\/td>\n    <td class=\"tg-s6z2\">12 meses<\/td>\n  <\/tr>\n  <tr>\n    <td class=\"tg-yw4l\">Para transporte de mercanc\u00edas de las Categor\u00edas N1 y O2..<\/td>\n    <td class=\"tg-s6z2\">Anual<\/td>\n    <td class=\"tg-s6z2\">A partir del 3er. a\u00f1o<\/td>\n    <td class=\"tg-s6z2\">12 meses<\/td>\n  <\/tr>\n  <tr>\n    <td class=\"tg-yw4l\">Para transporte de mercanc\u00edas de las Categor\u00edas N2, N3, O3 y O4.<\/td>\n    <td class=\"tg-s6z2\">Anual<\/td>\n    <td class=\"tg-s6z2\">A partir del 3er. a\u00f1o<\/td>\n    <td class=\"tg-s6z2\">12 meses<\/td>\n  <\/tr>\n  <tr>\n    <td class=\"tg-yw4l\">Para transporte de materiales y residuos peligrosos de las Categor\u00edas N y O.<\/td>\n    <td class=\"tg-s6z2\">Semestral<\/td>\n    <td class=\"tg-s6z2\">A partir del 2do. a\u00f1o<\/td>\n    <td class=\"tg-s6z2\">6 meses<\/td>\n  <\/tr>\n  <tr>\n    <td class=\"tg-yw4l\">Del servicio de trasporte mixto.<\/td>\n    <td class=\"tg-s6z2\">Semestral<\/td>\n    <td class=\"tg-s6z2\">A partir del 3er. A\u00f1o<\/td>\n    <td class=\"tg-s6z2\">6 meses<\/td>\n  <\/tr>\n  <tr>\n    <td class=\"tg-yw4l\">Excepcionalmente, los veh\u00edculos que excedan los veinte (20) a\u00f1os de antig\u00fcedad contados a partir del a\u00f1o siguiente de su fabricaci\u00f3n, destinados al servicio de transporte terrestre regular de personas en los \u00e1mbitos nacional, regional y provincial deber\u00e1n acreditar que han aprobado la Inspecci\u00f3n T\u00e9cnica Vehicular cada cuatro (04) meses; para cuyo efecto el Certificado de Inspecci\u00f3n T\u00e9cnica Vehicular que se expida en estos casos tendr\u00e1 una vigencia de cuatro (04) meses.<\/td>\n    <td class=\"tg-s6z2\">Anual<\/td>\n    <td class=\"tg-s6z2\">A partir del 21er. A\u00f1o<\/td>\n    <td class=\"tg-s6z2\">4 meses<\/td>\n  <\/tr>\n<\/tbody><\/table><\/div>\t\t\t\t\t\t<\/div>\n\t\t\t\t<\/div>\n\t\t\t\t\t<\/div>\n\t\t<\/div>\n\t\t\t\t\t\t\t<\/div>\n\t\t<\/section>\n\t\t\t\t\t\t<\/div>\n\t\t\t\t\t<\/div>\n\t\t","protected":false},"excerpt":{"rendered":"<p>Las Inspecciones T\u00e9cnicas Vehiculares se realizar\u00e1n de acuerdo a la categor\u00eda, funci\u00f3n y antig\u00fcedad de los veh\u00edculos Veh\u00edculos Frecuencia Antig\u00fcedad del veh\u00edculo (1) Vigencia del Certificado Delservicio de transporte regular de personas (\u00e1mbito provincial, regional nacional). Del servicio de transporte especial de personas (taxi, transporte tur\u00edstico, transporte de trabajadores, transporte de estudiantes, transporte social, transporte [&hellip;]<\/p>\n","protected":false},"author":1,"featured_media":0,"parent":0,"menu_order":0,"comment_status":"closed","ping_status":"closed","template":"template\/full-width-template.php","meta":{"footnotes":""},"class_list":["post-266","page","type-page","status-publish","hentry"],"yoast_head":"<!-- This site is optimized with the Yoast SEO plugin v16.2 - https:\/\/yoast.com\/wordpress\/plugins\/seo\/ -->\n<title>Cronograma - Adrika<\/title>\n<meta name=\"robots\" content=\"index, follow, max-snippet:-1, max-image-preview:large, max-video-preview:-1\" \/>\n<link rel=\"canonical\" href=\"https:\/\/adrika.pe\/index.php\/cronograma\/\" \/>\n<meta property=\"og:locale\" content=\"es_ES\" \/>\n<meta property=\"og:type\" content=\"article\" \/>\n<meta property=\"og:title\" content=\"Cronograma - Adrika\" \/>\n<meta property=\"og:description\" content=\"Las Inspecciones T\u00e9cnicas Vehiculares se realizar\u00e1n de acuerdo a la categor\u00eda, funci\u00f3n y antig\u00fcedad de los veh\u00edculos Veh\u00edculos Frecuencia Antig\u00fcedad del veh\u00edculo (1) Vigencia del Certificado Delservicio de transporte regular de personas (\u00e1mbito provincial, regional nacional). Del servicio de transporte especial de personas (taxi, transporte tur\u00edstico, transporte de trabajadores, transporte de estudiantes, transporte social, transporte [&hellip;]\" \/>\n<meta property=\"og:url\" content=\"https:\/\/adrika.pe\/index.php\/cronograma\/\" \/>\n<meta property=\"og:site_name\" content=\"Adrika\" \/>\n<meta property=\"article:modified_time\" content=\"2021-05-05T09:50:21+00:00\" \/>\n<meta name=\"twitter:card\" content=\"summary_large_image\" \/>\n<meta name=\"twitter:label1\" content=\"Tiempo de lectura\">\n\t<meta name=\"twitter:data1\" content=\"2 minutos\">\n<script type=\"application\/ld+json\" class=\"yoast-schema-graph\">{\"@context\":\"https:\/\/schema.org\",\"@graph\":[{\"@type\":\"WebSite\",\"@id\":\"https:\/\/adrika.pe\/#website\",\"url\":\"https:\/\/adrika.pe\/\",\"name\":\"Adrika\",\"description\":\"Just another WordPress site\",\"potentialAction\":[{\"@type\":\"SearchAction\",\"target\":\"https:\/\/adrika.pe\/?s={search_term_string}\",\"query-input\":\"required name=search_term_string\"}],\"inLanguage\":\"es\"},{\"@type\":\"WebPage\",\"@id\":\"https:\/\/adrika.pe\/index.php\/cronograma\/#webpage\",\"url\":\"https:\/\/adrika.pe\/index.php\/cronograma\/\",\"name\":\"Cronograma - Adrika\",\"isPartOf\":{\"@id\":\"https:\/\/adrika.pe\/#website\"},\"datePublished\":\"2021-05-05T09:46:20+00:00\",\"dateModified\":\"2021-05-05T09:50:21+00:00\",\"breadcrumb\":{\"@id\":\"https:\/\/adrika.pe\/index.php\/cronograma\/#breadcrumb\"},\"inLanguage\":\"es\",\"potentialAction\":[{\"@type\":\"ReadAction\",\"target\":[\"https:\/\/adrika.pe\/index.php\/cronograma\/\"]}]},{\"@type\":\"BreadcrumbList\",\"@id\":\"https:\/\/adrika.pe\/index.php\/cronograma\/#breadcrumb\",\"itemListElement\":[{\"@type\":\"ListItem\",\"position\":1,\"item\":{\"@type\":\"WebPage\",\"@id\":\"https:\/\/adrika.pe\/\",\"url\":\"https:\/\/adrika.pe\/\",\"name\":\"Portada\"}},{\"@type\":\"ListItem\",\"position\":2,\"item\":{\"@id\":\"https:\/\/adrika.pe\/index.php\/cronograma\/#webpage\"}}]}]}<\/script>\n<!-- \/ Yoast SEO plugin. -->","_links":{"self":[{"href":"https:\/\/adrika.pe\/index.php\/wp-json\/wp\/v2\/pages\/266","targetHints":{"allow":["GET"]}}],"collection":[{"href":"https:\/\/adrika.pe\/index.php\/wp-json\/wp\/v2\/pages"}],"about":[{"href":"https:\/\/adrika.pe\/index.php\/wp-json\/wp\/v2\/types\/page"}],"author":[{"embeddable":true,"href":"https:\/\/adrika.pe\/index.php\/wp-json\/wp\/v2\/users\/1"}],"replies":[{"embeddable":true,"href":"https:\/\/adrika.pe\/index.php\/wp-json\/wp\/v2\/comments?post=266"}],"version-history":[{"count":13,"href":"https:\/\/adrika.pe\/index.php\/wp-json\/wp\/v2\/pages\/266\/revisions"}],"predecessor-version":[{"id":280,"href":"https:\/\/adrika.pe\/index.php\/wp-json\/wp\/v2\/pages\/266\/revisions\/280"}],"wp:attachment":[{"href":"https:\/\/adrika.pe\/index.php\/wp-json\/wp\/v2\/media?parent=266"}],"curies":[{"name":"wp","href":"https:\/\/api.w.org\/{rel}","templated":true}]}}